{"id":15549,"date":"2020-05-04T10:00:48","date_gmt":"2020-05-04T09:00:48","guid":{"rendered":"https:\/\/femsantandreu.cat\/?page_id=15549"},"modified":"2020-05-03T12:44:33","modified_gmt":"2020-05-03T11:44:33","slug":"fem-sant-andreu-pide-a-lamb-la-suspension-del-cobro-del-tributo-metropolitano","status":"publish","type":"page","link":"https:\/\/femsantandreu.cat\/index.php\/fem-sant-andreu-pide-a-lamb-la-suspension-del-cobro-del-tributo-metropolitano\/","title":{"rendered":"Fem Sant Andreu pide a l&#8217;AMB la suspensi\u00f3n del cobro del tributo metropolitano"},"content":{"rendered":"<h3>Fem Sant Andreu pide a l&#8217;AMB la suspensi\u00f3n del cobro del tributo metropolitano&nbsp;<\/h3>\n<h5><span>As\u00ed como tambi\u00e9n la aplicaci\u00f3n de un paquete de medidas econ\u00f3micas y sociales al Tributo Metropolitano para paliar la crisis econ\u00f3mica derivada de la&nbsp;<\/span><span>Covid-19<\/span><span>.<\/span><\/h5>\n<p>El Grupo Municipal de Fem Sant Andreu siempre nos hemos manifestado a favor de un sistema tarifario \u00fanico e integrado para todos los municipios metropolitanos. Es una reclamaci\u00f3n antigua que tambi\u00e9n sab\u00edamos que comportaba, l\u00f3gicamente, tener que asumir un coste: el pago del Tributo Metropolitano.<\/p>\n<p>Despu\u00e9s de dieciocho meses desde la aplicaci\u00f3n del sistema tarifario \u00fanico, despu\u00e9s de haberse girado y cobrado los recibos del Tributo Metropolitano del a\u00f1o 2019, todav\u00eda, hoy por hoy, no est\u00e1n integrados los t\u00edtulos sociales, no se han firmado todos los convenios econ\u00f3micos bisiestos de los transportes urbanos, no existe ning\u00fan compromiso firme por parte del \u00e1rea de Movilidad y Transporte para concretar el plan de choque y de mejoras, ni se ha hecho un calendario para su despliegue y para acabar no tenemos ninguna noticia de la disposici\u00f3n adicional tercera de la ordenanza fiscal del Tributo Metropolitano que exig\u00eda por este a\u00f1o 2020 un nuevo c\u00e1lculo del Tributo a aplicar.<\/p>\n<p>Por todo esto, exigimos a la AMB la asunci\u00f3n de la exclusiva titularidad y competencia del servicio de transporte p\u00fablico colectivo urbano de viajeros por carretera, y reclamamos que proceda a elaborar en una mesa de trabajo con los municipios metropolitanos, un calendario cierto y concreto de despliegue de aquel servicio y sus mejoras, como exigimos la aplicaci\u00f3n de todas las ayudas sociales y t\u00edtulos tarifarios a los 36 municipios, y un nuevo c\u00e1lculo del tributo metropolitano, m\u00e1s igualitario y justo.<br \/>\nConsideramos que mientras no se cumpla con todo aquello anteriormente pedido, que se corresponde con las promesas que desde la AMB se hicieron en los municipios previamente a la integraci\u00f3n, se vulnerar\u00e1 los principios de igualdad de todos los ciudadanos metropolitanos en el acceso a los servicios p\u00fablicos, as\u00ed como el de solidaridad, de equilibrio territorial y de equilibrio y de cohesi\u00f3n social entre los diferentes municipios que formen parte. En consecuencia, hasta que no sea creada esta mesa y resueltos estos puntos, desde Fem Sant Andreu-Acord Municipal reclamamos la suspensi\u00f3n del cobro del Tributo Metropolitano a todos los sujetos pasivos de los municipios de la segunda corona.<\/p>\n<p>Igualmente y dado que la reciente crisis socioecon\u00f3mica provocada por el coronavirus es m\u00e1s que evidente que dificultar\u00e1, la capacidad econ\u00f3mica de las familias, de los trabajadores, de los aut\u00f3nomos y de las empresas (especial-mente PYME) para hacer frente al pago de este tributo, pidamos la aplicaci\u00f3n de un paquete de medidas econ\u00f3micas que tienen que contemplar, la creaci\u00f3n de una l\u00ednea de ayudas econ\u00f3micas a propietarios y locatarios de bienes inmuebles que se los sea repercutido este importe, por todos aquellos trabajadores y trabajadores, a PIMES y a aut\u00f3nomos que hayan sufrido un ERTE, se los haya suspendido su contrato, aplicando una reducci\u00f3n de jornada o no hayan superado el periodo contractual de prueba a partir del inicio del estado de alarma; y los aut\u00f3nomos o empresas PYME que hayan llevado a cabo un ERTE por causas derivadas de la Covid-19 o hayan visto rebajada su facturaci\u00f3n m\u00e1s de un 50% a partir de la declaraci\u00f3n del estado de alarma.<\/p>\n<p>Manifestamos, para acabar, el sentimiento de decepci\u00f3n entienden que la AMB no cumpla con los principios de igualdad, solidaridad y equidad, prestando sus servicios a dos escalas diferenciadas entre municipios, mientras en el \u00e1mbito impositivo las exigencias son iguales para todo el mundo.<\/p>\n<p><a href=\"https:\/\/femsantandreu.cat\/wp-content\/uploads\/2020\/05\/Petici\u00f3-AMB_Tribut-Metropolita.pdf\">Os adjuntamos (Clica encima para verla) la petici\u00f3n que hemos entrado al registro de la AMB esta ma\u00f1ana.<\/a><\/p>\n<p>&nbsp;<\/p>\n<!-- AddThis Advanced Settings generic via filter on the_content --><!-- AddThis Share Buttons generic via filter on the_content -->","protected":false},"excerpt":{"rendered":"<p>Fem Sant Andreu pide a l&#8217;AMB la suspensi\u00f3n del cobro del tributo metropolitano&nbsp; As\u00ed como tambi\u00e9n la aplicaci\u00f3n de un paquete de medidas econ\u00f3micas y sociales al Tributo Metropolitano para paliar la crisis econ\u00f3mica derivada de la&nbsp;Covid-19. El Grupo Municipal de Fem Sant Andreu siempre nos hemos manifestado a favor [&hellip;]<!-- AddThis Advanced Settings generic via filter on get_the_excerpt --><!-- AddThis Share Buttons generic via filter on get_the_excerpt --><\/p>\n","protected":false},"author":2,"featured_media":15550,"parent":0,"menu_order":0,"comment_status":"closed","ping_status":"closed","template":"","meta":{"_eb_attr":"","_monsterinsights_skip_tracking":false,"_monsterinsights_sitenote_active":false,"_monsterinsights_sitenote_note":"","_monsterinsights_sitenote_category":0,"_uf_show_specific_survey":0,"_uf_disable_surveys":false,"ngg_post_thumbnail":0,"footnotes":"","_links_to":"","_links_to_target":""},"class_list":["post-15549","page","type-page","status-publish","has-post-thumbnail","hentry"],"aioseo_notices":[],"_links":{"self":[{"href":"https:\/\/femsantandreu.cat\/index.php\/wp-json\/wp\/v2\/pages\/15549","targetHints":{"allow":["GET"]}}],"collection":[{"href":"https:\/\/femsantandreu.cat\/index.php\/wp-json\/wp\/v2\/pages"}],"about":[{"href":"https:\/\/femsantandreu.cat\/index.php\/wp-json\/wp\/v2\/types\/page"}],"author":[{"embeddable":true,"href":"https:\/\/femsantandreu.cat\/index.php\/wp-json\/wp\/v2\/users\/2"}],"replies":[{"embeddable":true,"href":"https:\/\/femsantandreu.cat\/index.php\/wp-json\/wp\/v2\/comments?post=15549"}],"version-history":[{"count":0,"href":"https:\/\/femsantandreu.cat\/index.php\/wp-json\/wp\/v2\/pages\/15549\/revisions"}],"wp:featuredmedia":[{"embeddable":true,"href":"https:\/\/femsantandreu.cat\/index.php\/wp-json\/wp\/v2\/media\/15550"}],"wp:attachment":[{"href":"https:\/\/femsantandreu.cat\/index.php\/wp-json\/wp\/v2\/media?parent=15549"}],"curies":[{"name":"wp","href":"https:\/\/api.w.org\/{rel}","templated":true}]}}