{"id":15811,"date":"2020-07-30T09:02:23","date_gmt":"2020-07-30T08:02:23","guid":{"rendered":"https:\/\/femsantandreu.cat\/?page_id=15811"},"modified":"2021-10-13T23:21:28","modified_gmt":"2021-10-13T22:21:28","slug":"butlleti-municipal-fem-sant-andreu","status":"publish","type":"page","link":"https:\/\/femsantandreu.cat\/index.php\/butlleti-municipal-fem-sant-andreu\/","title":{"rendered":"Butllet\u00ed Municipal Fem Sant Andreu"},"content":{"rendered":"<table border=\"0\" cellspacing=\"0\" cellpadding=\"0\" width=\"467\" height=\"22\">\n<tbody>\n<tr>\n<td class=\"taula-nomes-marc-inferior-verd\" width=\"46\"><\/td>\n<\/tr>\n<\/tbody>\n<\/table>\n<p><strong style=\"font-size: 23px;\">8a Edici\u00f3, octubre 2021<\/strong><\/p>\n<a href=\"https:\/\/femsantandreu.cat\/wp-content\/uploads\/2021\/10\/butlleti-femsab-oct21-web.pdf\" class=\"pdfemb-viewer\" style=\"\" data-width=\"max\" data-height=\"max\" data-toolbar=\"both\" data-toolbar-fixed=\"on\">butlleti-femsab-oct21-web<\/a>\n<hr>\n<p><strong style=\"font-size: 23px;\">7a Edici\u00f3, juliol 2021<\/strong><\/p>\n<a href=\"https:\/\/femsantandreu.cat\/wp-content\/uploads\/2021\/07\/butlleti-femsab-jul21-FAok.pdf\" class=\"pdfemb-viewer\" style=\"\" data-width=\"max\" data-height=\"max\" data-toolbar=\"both\" data-toolbar-fixed=\"on\">butlleti-femsab-jul21-FAok<\/a>\n<hr>\n<p><strong style=\"font-size: 23px;\">6a Edici\u00f3, abril 2021<\/strong><strong><\/strong><\/p>\n<a href=\"https:\/\/femsantandreu.cat\/wp-content\/uploads\/2021\/04\/butlleti-femsab-mar21-FA.pdf\" class=\"pdfemb-viewer\" style=\"\" data-width=\"max\" data-height=\"max\" data-toolbar=\"both\" data-toolbar-fixed=\"on\">butlleti-femsab-mar21-FA<\/a>\n<hr>\n<h5><strong>5a Edici\u00f3, gener 2021<\/strong><\/h5>\n<a href=\"https:\/\/femsantandreu.cat\/wp-content\/uploads\/2021\/01\/butlleti-femsab-gen21-FA-ok.pdf\" class=\"pdfemb-viewer\" style=\"\" data-width=\"max\" data-height=\"max\" data-toolbar=\"both\" data-toolbar-fixed=\"on\">butlleti-femsab-gen21-FA-ok<\/a>\n<hr>\n<h5><strong>4a Edici\u00f3, setembre 2020<\/strong><\/h5>\n<a href=\"https:\/\/femsantandreu.cat\/wp-content\/uploads\/2020\/12\/butlleti-femsab-set20-FA_print.pdf\" class=\"pdfemb-viewer\" style=\"\" data-width=\"max\" data-height=\"max\" data-toolbar=\"both\" data-toolbar-fixed=\"on\">butlleti-femsab-set20-FA_print<\/a>\n<hr>\n<h5><strong>3a Edici\u00f3, mar\u00e7-juny 2020<\/strong><\/h5>\n<a href=\"https:\/\/femsantandreu.cat\/wp-content\/uploads\/2020\/06\/butlleti-femsab-mar-jun20-FA_corregit.pdf\" class=\"pdfemb-viewer\" style=\"\" data-width=\"max\" data-height=\"max\" data-toolbar=\"both\" data-toolbar-fixed=\"on\">Segon Butllet\u00ed Fem Sant Andreu<\/a>\n<hr>\n<h5><strong>2a Edici\u00f3, gener 2020<\/strong><\/h5>\n<a href=\"https:\/\/femsantandreu.cat\/wp-content\/uploads\/2020\/07\/butlleti-femsab-gener2020-web.pdf\" class=\"pdfemb-viewer\" style=\"\" data-width=\"max\" data-height=\"max\" data-toolbar=\"both\" data-toolbar-fixed=\"on\">Butllet\u00ed Municipal Fem Sant Andreu Gener 2020<\/a>\n<!-- AddThis Advanced Settings generic via filter on the_content --><!-- AddThis Share Buttons generic via filter on the_content -->","protected":false},"excerpt":{"rendered":"<p>8a Edici\u00f3, octubre 2021 7a Edici\u00f3, juliol 2021 6a Edici\u00f3, abril 2021 5a Edici\u00f3, gener 2021 4a Edici\u00f3, setembre 2020 3a Edici\u00f3, mar\u00e7-juny 2020 2a Edici\u00f3, gener 2020<!-- AddThis Advanced Settings generic via filter on get_the_excerpt --><!-- AddThis Share Buttons generic via filter on get_the_excerpt --><\/p>\n","protected":false},"author":3,"featured_media":0,"parent":0,"menu_order":0,"comment_status":"closed","ping_status":"closed","template":"","meta":{"_eb_attr":"","_monsterinsights_skip_tracking":false,"_monsterinsights_sitenote_active":false,"_monsterinsights_sitenote_note":"","_monsterinsights_sitenote_category":0,"_uf_show_specific_survey":0,"_uf_disable_surveys":false,"ngg_post_thumbnail":0,"footnotes":"","_links_to":"","_links_to_target":""},"class_list":["post-15811","page","type-page","status-publish","hentry"],"aioseo_notices":[],"_links":{"self":[{"href":"https:\/\/femsantandreu.cat\/index.php\/wp-json\/wp\/v2\/pages\/15811","targetHints":{"allow":["GET"]}}],"collection":[{"href":"https:\/\/femsantandreu.cat\/index.php\/wp-json\/wp\/v2\/pages"}],"about":[{"href":"https:\/\/femsantandreu.cat\/index.php\/wp-json\/wp\/v2\/types\/page"}],"author":[{"embeddable":true,"href":"https:\/\/femsantandreu.cat\/index.php\/wp-json\/wp\/v2\/users\/3"}],"replies":[{"embeddable":true,"href":"https:\/\/femsantandreu.cat\/index.php\/wp-json\/wp\/v2\/comments?post=15811"}],"version-history":[{"count":0,"href":"https:\/\/femsantandreu.cat\/index.php\/wp-json\/wp\/v2\/pages\/15811\/revisions"}],"wp:attachment":[{"href":"https:\/\/femsantandreu.cat\/index.php\/wp-json\/wp\/v2\/media?parent=15811"}],"curies":[{"name":"wp","href":"https:\/\/api.w.org\/{rel}","templated":true}]}}