{"id":17306,"date":"2023-05-03T22:16:11","date_gmt":"2023-05-03T21:16:11","guid":{"rendered":"https:\/\/femsantandreu.cat\/?page_id=17306"},"modified":"2023-05-04T00:05:08","modified_gmt":"2023-05-03T23:05:08","slug":"pam-2023","status":"publish","type":"page","link":"https:\/\/femsantandreu.cat\/index.php\/pam-2023\/","title":{"rendered":"PAM 2023-2027"},"content":{"rendered":"<h2>Versi\u00f3 en catal\u00e0<\/h2>\n<a href=\"https:\/\/femsantandreu.cat\/wp-content\/uploads\/2023\/05\/PAM2023.pdf\" class=\"pdfemb-viewer\" style=\"\" data-width=\"max\" data-height=\"max\" data-toolbar=\"both\" data-toolbar-fixed=\"on\">PAM2023<\/a>\n<hr>\n<h2>Versi\u00f3n en castellano<\/h2>\n<a href=\"https:\/\/femsantandreu.cat\/wp-content\/uploads\/2023\/05\/PAM2023-es.pdf\" class=\"pdfemb-viewer\" style=\"\" data-width=\"max\" data-height=\"max\" data-toolbar=\"both\" data-toolbar-fixed=\"on\">PAM2023-es<\/a>\n<!-- AddThis Advanced Settings generic via filter on the_content --><!-- AddThis Share Buttons generic via filter on the_content -->","protected":false},"excerpt":{"rendered":"<p>Versi\u00f3 en catal\u00e0 Versi\u00f3n en castellano<!-- AddThis Advanced Settings generic via filter on get_the_excerpt --><!-- AddThis Share Buttons generic via filter on get_the_excerpt --><\/p>\n","protected":false},"author":3,"featured_media":17320,"parent":0,"menu_order":0,"comment_status":"closed","ping_status":"closed","template":"","meta":{"_eb_attr":"","_monsterinsights_skip_tracking":false,"_monsterinsights_sitenote_active":false,"_monsterinsights_sitenote_note":"","_monsterinsights_sitenote_category":0,"_uf_show_specific_survey":0,"_uf_disable_surveys":false,"ngg_post_thumbnail":0,"footnotes":"","_links_to":"","_links_to_target":""},"class_list":["post-17306","page","type-page","status-publish","has-post-thumbnail","hentry"],"aioseo_notices":[],"_links":{"self":[{"href":"https:\/\/femsantandreu.cat\/index.php\/wp-json\/wp\/v2\/pages\/17306","targetHints":{"allow":["GET"]}}],"collection":[{"href":"https:\/\/femsantandreu.cat\/index.php\/wp-json\/wp\/v2\/pages"}],"about":[{"href":"https:\/\/femsantandreu.cat\/index.php\/wp-json\/wp\/v2\/types\/page"}],"author":[{"embeddable":true,"href":"https:\/\/femsantandreu.cat\/index.php\/wp-json\/wp\/v2\/users\/3"}],"replies":[{"embeddable":true,"href":"https:\/\/femsantandreu.cat\/index.php\/wp-json\/wp\/v2\/comments?post=17306"}],"version-history":[{"count":4,"href":"https:\/\/femsantandreu.cat\/index.php\/wp-json\/wp\/v2\/pages\/17306\/revisions"}],"predecessor-version":[{"id":17319,"href":"https:\/\/femsantandreu.cat\/index.php\/wp-json\/wp\/v2\/pages\/17306\/revisions\/17319"}],"wp:featuredmedia":[{"embeddable":true,"href":"https:\/\/femsantandreu.cat\/index.php\/wp-json\/wp\/v2\/media\/17320"}],"wp:attachment":[{"href":"https:\/\/femsantandreu.cat\/index.php\/wp-json\/wp\/v2\/media?parent=17306"}],"curies":[{"name":"wp","href":"https:\/\/api.w.org\/{rel}","templated":true}]}}