{"id":17407,"date":"2024-05-25T22:11:44","date_gmt":"2024-05-25T21:11:44","guid":{"rendered":"https:\/\/femsantandreu.cat\/?page_id=17407"},"modified":"2024-05-25T22:11:44","modified_gmt":"2024-05-25T21:11:44","slug":"politica-de-privadesa-2","status":"publish","type":"page","link":"https:\/\/femsantandreu.cat\/index.php\/politica-de-privadesa-2\/","title":{"rendered":"Pol\u00edtica de privadesa"},"content":{"rendered":"\r\n<h2 class=\"wp-block-heading\">Qui som<\/h2>\r\n\r\n\r\n\r\n<p>La nostra adre\u00e7a web \u00e9s: https:\/\/femsantandreu.cat.<\/p>\r\n\r\n\r\n\r\n<h2 class=\"wp-block-heading\">Comentaris<\/h2>\r\n\r\n\r\n\r\n<p>Quan els visitants deixen comentaris a la web, recollim les dades que es mostren al formulari de contacte, aix\u00ed com l&#8217;adre\u00e7a IP del visitant i la cadena de l&#8217;agent de l&#8217;usuari del navegador per ajudar a la detecci\u00f3 de missatges brossa.<\/p>\r\n\r\n\r\n\r\n<p>Una cadena anonimitzada creada a partir de l&#8217;adre\u00e7a electr\u00f2nica (tamb\u00e9 anomenat un hash) pot proporcionar-se al servei Gravatar per veure si l&#8217;esteu usant. La pol\u00edtica de privadesa del servei Gravatar est\u00e0 disponible aqu\u00ed: https:\/\/automattic.com\/privacy\/. Una vegada aprovat el comentari, la imatge del vostre perfil \u00e9s visible al p\u00fablic al context del comentari.<\/p>\r\n\r\n\r\n\r\n<h2 class=\"wp-block-heading\">M\u00e8dia<\/h2>\r\n\r\n\r\n\r\n<p><strong class=\"privacy-policy-tutorial\">Text suggerit: <\/strong>Si pugeu imatges al lloc web, heu d&#8217;evitar pujar imatges que incloguin dades de geolocalitzaci\u00f3 (EXIF GPS) incrustades. Els visitants del lloc web poden baixar i extreure qualsevol informaci\u00f3 de les imatges de la web.<\/p>\r\n\r\n\r\n\r\n<h2 class=\"wp-block-heading\">Galetes<\/h2>\r\n\r\n\r\n\r\n<p>Si deixeu un comentari en la p\u00e0gina web, podeu optar per desar el nom, l&#8217;adre\u00e7a electr\u00f2nica i el lloc web en les galetes. Aix\u00f2 \u00e9s per la vostra comoditat perqu\u00e8 no h\u00e0geu d&#8217;emplenar les dades de nou quan feu un altre comentari. Aquestes galetes duraran un any.<\/p>\r\n\r\n\r\n\r\n<p>Si teniu un compte i inicieu sessi\u00f3 en aquesta p\u00e0gina web, es definir\u00e0 una galeta temporal per determinar si el navegador accepta galetes. Aquesta galeta no cont\u00e9 dades personals i es descartar\u00e0 quan tanqueu el navegador.<\/p>\r\n\r\n\r\n\r\n<p>Quan inicieu sessi\u00f3, tamb\u00e9 es configuraran diverses galetes per desar la informaci\u00f3 d&#8217;inici de sessi\u00f3 i les opcions de visualitzaci\u00f3 de la pantalla. Les galeres d&#8217;inici de sessi\u00f3 duren dos dies, i les galetes de les opcions de pantalla duren un any. Si seleccioneu &#8220;Recordeu-me&#8221;, l&#8217;inici de sessi\u00f3 persistir\u00e0 durant dues setmanes. Si finalitzeu la sessi\u00f3, les galetes d&#8217;inici de sessi\u00f3 seran suprimides.<\/p>\r\n\r\n\r\n\r\n<p>Si editeu o publiqueu un article, una galeta addicional es desar\u00e0 al navegador. Aquesta galeta no inclou dades personals i simplement indica l&#8217;identificador de l&#8217;entrada que acabeu d&#8217;editar. Caduca despr\u00e9s d&#8217;1 dia.<\/p>\r\n\r\n\r\n\r\n<h2 class=\"wp-block-heading\">Contingut incrustat d&#8217;altres llocs web<\/h2>\r\n\r\n\r\n\r\n<p>Els articles en aquesta p\u00e0gina web inclou contingut incrustat (per exemple, v\u00eddeos, imatges, articles, etc.). El contingut incrustat des d&#8217;altres p\u00e0gines web es comporta exactament de la mateixa manera com si el visitant estigu\u00e9s visitant l&#8217;altra p\u00e0gina web.<\/p>\r\n\r\n\r\n\r\n<p>Aquestes p\u00e0gines web poden recollir dades sobre v\u00f3s, fer servir galetes, incrustar seguiment addicional de terceres parts, i monitorar la interacci\u00f3 amb el contingut incrustat, incloent-hi la tra\u00e7a de la interacci\u00f3 amb el contingut incrustat si teniu un compte i heu iniciat sessi\u00f3 en aquesta p\u00e0gina web.<\/p>\r\n\r\n\r\n\r\n<h2 class=\"wp-block-heading\">Amb qui compartim les vostres dades<\/h2>\r\n\r\n\r\n\r\n<p>Si sol\u00b7liciteu un reinici de contrasenya, l&#8217;adre\u00e7a IP s&#8217;inclour\u00e0 en el correu electr\u00f2nic de reinicialitzaci\u00f3.<\/p>\r\n\r\n\r\n\r\n<h2 class=\"wp-block-heading\">Quant de temps retenim les dades<\/h2>\r\n\r\n\r\n\r\n<p>Si deixeu un comentari, el comentari i les seves dades meta es retenen indefinidament. Aix\u00f2 \u00e9s per poder recon\u00e8ixer i aprovar autom\u00e0ticament qualsevol comentari de seguiment en lloc de mantenir-los en la cua de moderaci\u00f3.<\/p>\r\n\r\n\r\n\r\n<p>Per als usuaris que es registren en la web (si hi ha), tamb\u00e9 emmagatzemem la informaci\u00f3 personal que proporcionen al seu perfil d&#8217;usuari. Tots els usuaris poden veure, editar o suprimir la seva informaci\u00f3 personal en qualsevol moment (excepte que no poden canviar el seu nom d&#8217;usuari). Els administradors de la p\u00e0gina web poden tamb\u00e9 editar aquesta informaci\u00f3.<\/p>\r\n\r\n\r\n\r\n<h2 class=\"wp-block-heading\">Quins drets teniu sobre les vostres dades<\/h2>\r\n\r\n\r\n\r\n<p>Si teniu un compte en aquest lloc web o hi heu deixat comentaris, podeu demanar que us enviem un fitxer d&#8217;exportaci\u00f3 de les vostres dades personals, incloent-hi totes les dades que ens h\u00e0geu proporcionat. Tamb\u00e9 podeu demanar que esborrem qualsevol dada personal vostra que tinguem. Aix\u00f2 no inclou les dades que estiguem obligats a conservar amb prop\u00f2sits administratius, legals o de seguretat.<\/p>\r\n\r\n\r\n\r\n<h2 class=\"wp-block-heading\">On s&#8217;envien les vostres dades<\/h2>\r\n\r\n\r\n\r\n<p>Els comentaris dels visitants han de ser comprovats mitjan\u00e7ant un servei de detecci\u00f3 de brossa automatitzat.<\/p>\r\n\r\n<p>&nbsp;<\/p><!-- AddThis Advanced Settings generic via filter on the_content --><!-- AddThis Share Buttons generic via filter on the_content -->","protected":false},"excerpt":{"rendered":"<p>Qui som La nostra adre\u00e7a web \u00e9s: https:\/\/femsantandreu.cat. Comentaris Quan els visitants deixen comentaris a la web, recollim les dades que es mostren al formulari de contacte, aix\u00ed com l&#8217;adre\u00e7a IP del visitant i la cadena de l&#8217;agent de l&#8217;usuari del navegador per ajudar a la detecci\u00f3 de missatges brossa. [&hellip;]<!-- AddThis Advanced Settings generic via filter on get_the_excerpt --><!-- AddThis Share Buttons generic via filter on get_the_excerpt --><\/p>\n","protected":false},"author":3,"featured_media":0,"parent":0,"menu_order":0,"comment_status":"closed","ping_status":"closed","template":"","meta":{"_eb_attr":"","_monsterinsights_skip_tracking":false,"_monsterinsights_sitenote_active":false,"_monsterinsights_sitenote_note":"","_monsterinsights_sitenote_category":0,"_uf_show_specific_survey":0,"_uf_disable_surveys":false,"ngg_post_thumbnail":0,"footnotes":"","_links_to":"","_links_to_target":""},"class_list":["post-17407","page","type-page","status-publish","hentry"],"aioseo_notices":[],"_links":{"self":[{"href":"https:\/\/femsantandreu.cat\/index.php\/wp-json\/wp\/v2\/pages\/17407","targetHints":{"allow":["GET"]}}],"collection":[{"href":"https:\/\/femsantandreu.cat\/index.php\/wp-json\/wp\/v2\/pages"}],"about":[{"href":"https:\/\/femsantandreu.cat\/index.php\/wp-json\/wp\/v2\/types\/page"}],"author":[{"embeddable":true,"href":"https:\/\/femsantandreu.cat\/index.php\/wp-json\/wp\/v2\/users\/3"}],"replies":[{"embeddable":true,"href":"https:\/\/femsantandreu.cat\/index.php\/wp-json\/wp\/v2\/comments?post=17407"}],"version-history":[{"count":2,"href":"https:\/\/femsantandreu.cat\/index.php\/wp-json\/wp\/v2\/pages\/17407\/revisions"}],"predecessor-version":[{"id":17409,"href":"https:\/\/femsantandreu.cat\/index.php\/wp-json\/wp\/v2\/pages\/17407\/revisions\/17409"}],"wp:attachment":[{"href":"https:\/\/femsantandreu.cat\/index.php\/wp-json\/wp\/v2\/media?parent=17407"}],"curies":[{"name":"wp","href":"https:\/\/api.w.org\/{rel}","templated":true}]}}